{"id":191,"date":"2023-04-11T18:08:31","date_gmt":"2023-04-11T18:08:31","guid":{"rendered":"https:\/\/ambaccra.esteri.it\/chi-siamo\/la-rete-consolare\/"},"modified":"2023-09-25T13:59:36","modified_gmt":"2023-09-25T13:59:36","slug":"la-rete-consolare","status":"publish","type":"page","link":"https:\/\/ambaccra.esteri.it\/en\/chi-siamo\/la-rete-consolare\/","title":{"rendered":"The Consular Network"},"content":{"rendered":"<p class=\"boxLevel03\"><strong>Honorary Vice Consulate Kumasi<br \/>\n<\/strong>Stefano Ramella Pezza<br \/>\nPh.\u00a000233\u00a03220 23186 \/ 27175<br \/>\nCell. 00233 244 418949<br \/>\nFax\u00a0 00233 3220 27174<br \/>\ne-mail\u00a0<a href=\"mailto:consolato.kumasi@esteri.it\">kumasi.onorario@esteri.it<\/a><\/p>\n<p class=\"boxLevel03\">\n<p align=\"left\"><strong>Honorary Consul General in Lom\u00e9<\/strong><\/p>\n<p align=\"left\">Alessandra Boaretto<\/p>\n<p align=\"left\"><a href=\"mailto:lome.onorario@esteri.it\">lome.onorario@esteri.it<\/a><\/p>\n<p align=\"left\">Address: Ago\u00e9 Nyive &#8211; Assiy\u00e9y\u00e9, Rue Vakpossito &#8211; Carrefour de l\u2019Union, BP : S\/C 12360<\/p>\n<p>Secretariat:\u00a0<a href=\"mailto:secretariat.consulatitalie@gmail.com;\">secretariat.consulatitalie@gmail.com;<\/a>\u00a0+228 98 99 71 29 (Mobile and Whatsapp)<\/p>\n<p>Opening hours:<\/p>\n<p>Mon &#8211; Tue- Fri h8-11 a.m.<\/p>\n<p>Wed h8-12 am \/ h3-5 pm<\/p>\n<p align=\"left\">\n<p align=\"left\"><strong>Consular Correspondant Lom\u00e9<br \/>\n<\/strong>Giuliana Piazza<\/p>\n<p align=\"left\">Email:\u00a0<a href=\"mailto:ambasciata.accra@esteri.it\">ambasciata.accra@esteri.it<\/a><\/p>\n","protected":false},"excerpt":{"rendered":"Honorary Vice Consulate Kumasi Stefano Ramella Pezza Ph.\u00a000233\u00a03220 23186 \/ 27175 Cell. 00233 244 418949 Fax\u00a0 00233 3220 27174 e-mail\u00a0kumasi.onorario@esteri.it Honorary Consul General in Lom\u00e9 Alessandra Boaretto lome.onorario@esteri.it Address: Ago\u00e9 Nyive &#8211; Assiy\u00e9y\u00e9, Rue Vakpossito &#8211; Carrefour de l\u2019Union, BP : S\/C 12360 Secretariat:\u00a0secretariat.consulatitalie@gmail.com;\u00a0+228 98 99 71 29 (Mobile and Whatsapp) Opening hours: Mon &#8211; [&hellip;]","protected":false},"author":1,"featured_media":0,"parent":167,"menu_order":8,"comment_status":"closed","ping_status":"closed","template":"","meta":{"footnotes":""},"class_list":["post-191","page","type-page","status-publish","hentry"],"_links":{"self":[{"href":"https:\/\/ambaccra.esteri.it\/en\/wp-json\/wp\/v2\/pages\/191","targetHints":{"allow":["GET"]}}],"collection":[{"href":"https:\/\/ambaccra.esteri.it\/en\/wp-json\/wp\/v2\/pages"}],"about":[{"href":"https:\/\/ambaccra.esteri.it\/en\/wp-json\/wp\/v2\/types\/page"}],"author":[{"embeddable":true,"href":"https:\/\/ambaccra.esteri.it\/en\/wp-json\/wp\/v2\/users\/1"}],"replies":[{"embeddable":true,"href":"https:\/\/ambaccra.esteri.it\/en\/wp-json\/wp\/v2\/comments?post=191"}],"version-history":[{"count":2,"href":"https:\/\/ambaccra.esteri.it\/en\/wp-json\/wp\/v2\/pages\/191\/revisions"}],"predecessor-version":[{"id":447,"href":"https:\/\/ambaccra.esteri.it\/en\/wp-json\/wp\/v2\/pages\/191\/revisions\/447"}],"up":[{"embeddable":true,"href":"https:\/\/ambaccra.esteri.it\/en\/wp-json\/wp\/v2\/pages\/167"}],"wp:attachment":[{"href":"https:\/\/ambaccra.esteri.it\/en\/wp-json\/wp\/v2\/media?parent=191"}],"curies":[{"name":"wp","href":"https:\/\/api.w.org\/{rel}","templated":true}]}}