{"id":182,"date":"2023-04-11T17:53:01","date_gmt":"2023-04-11T17:53:01","guid":{"rendered":"https:\/\/ambaccra.esteri.it\/chi-siamo\/lambasciatore\/"},"modified":"2025-11-19T10:16:23","modified_gmt":"2025-11-19T10:16:23","slug":"lambasciatore","status":"publish","type":"page","link":"https:\/\/ambaccra.esteri.it\/fr\/chi-siamo\/lambasciatore\/","title":{"rendered":"L\u2019Ambassadrice"},"content":{"rendered":"<p><img loading=\"lazy\" decoding=\"async\" class=\"alignnone size-medium wp-image-1713 img-fluid\" src=\"https:\/\/ambaccra.esteri.it\/wp-content\/uploads\/2025\/03\/PHOTO-2025-03-12-16-44-49-210x300.jpg\" alt=\"\" width=\"210\" height=\"300\" srcset=\"https:\/\/ambaccra.esteri.it\/wp-content\/uploads\/2025\/03\/PHOTO-2025-03-12-16-44-49-210x300.jpg 210w, https:\/\/ambaccra.esteri.it\/wp-content\/uploads\/2025\/03\/PHOTO-2025-03-12-16-44-49-717x1024.jpg 717w, https:\/\/ambaccra.esteri.it\/wp-content\/uploads\/2025\/03\/PHOTO-2025-03-12-16-44-49.jpg 756w\" sizes=\"auto, (max-width: 210px) 100vw, 210px\" \/><\/p>\n<p>&nbsp;<\/p>\n<p><strong>Laura Ranalli<\/strong><\/p>\n<p><strong>Ambassadrice d&rsquo;Italie au Ghana et au Togo<\/strong><\/p>\n<p>Laura Ranalli est n\u00e9e \u00e0 Avezzano (L&rsquo;Aquila, Italie) le 21 juin 1976.<\/p>\n<p>En 2000, elle a obtenu une ma\u00eetrise en philologie classique \u00e0 l&rsquo;Universit\u00e9 Sapienza de Rome. De 2000 \u00e0 2002, elle a poursuivi des \u00e9tudes post-universitaires en Relations Internationales \u00e0 la Societ\u00e0 Italiana per l&rsquo;Organizzazione Internazionale &#8211; SIOI (Rome).<\/p>\n<p>Elle est dans le service diplomatique depuis le 23 d\u00e9cembre 2002. Apr\u00e8s un cours de formation professionnelle \u00e0 l&rsquo;Institut diplomatique, elle a servi \u00e0 la Direction G\u00e9n\u00e9rale de la Promotion Culturelle du Minist\u00e8re des Affaires \u00c9trang\u00e8res de 2003 \u00e0 2006.<\/p>\n<p>De 2006 \u00e0 2010, elle a \u00e9t\u00e9 Premi\u00e8re Secr\u00e9taire \u00e0 l&rsquo;Ambassade d&rsquo;Italie \u00e0 Varsovie, puis, de 2010 \u00e0 2014, Chef de Mission adjoint \u00e0 l&rsquo;Ambassade d&rsquo;Italie \u00e0 Vilnius (en tant que Premi\u00e8re Secr\u00e9taire et, depuis 2013, en tant que Conseill\u00e8re).<\/p>\n<p>Elle revient \u00e0 la Farnesina en 2015 aupr\u00e8s de la Direction G\u00e9n\u00e9rale de l&rsquo;Union Europ\u00e9enne: de 2015 \u00e0 2018 en tant que Chef de Bureau adjoint pour les pays Europ\u00e9ens M\u00e9diterran\u00e9ens, puis, \u00e0 partir de 2018, en tant que Chef de Bureau pour les pays d&rsquo;Europe Centrale et Orientale.<\/p>\n<p>En octobre 2020, elle retourne \u00e0 Varsovie en tant que Chef de Mission adjoint, poste qu&rsquo;elle occupe jusqu&rsquo;en ao\u00fbt 2024; Premi\u00e8re conseill\u00e8re depuis juillet 2021, elle est Charg\u00e9e d&rsquo;Affaires a.i. entre le 9 novembre 2022 et le 12 f\u00e9vrier 2023.<\/p>\n<p>\u00c1 partir d&rsquo;ao\u00fbt 2024 jusqu&rsquo;en d\u00e9cembre 2024, elle a servi au sein de la Direction G\u00e9n\u00e9rale de la Mondialisation &#8211; Direction Centrale des pays d&rsquo;Afrique Subsaharienne du Minist\u00e8re des Affaires \u00c9trang\u00e8res et de la Coop\u00e9ration Internationale.<\/p>\n<p>Depuis le 21 d\u00e9cembre 2024, elle est <strong>Ambassadrice d&rsquo;Italie au Ghana et au Togo<\/strong>.<\/p>\n<p>Chevalier de l&rsquo;Ordre du M\u00e9rite de la R\u00e9publique, 2019.<\/p>\n<p>Elle parle anglais, polonais et fran\u00e7ais.<\/p>\n<p>Elle est mari\u00e9e \u00e0 Piotr K\u0119pi\u0144ski.<\/p>\n","protected":false},"excerpt":{"rendered":"&nbsp; Laura Ranalli Ambassadrice d&rsquo;Italie au Ghana et au Togo Laura Ranalli est n\u00e9e \u00e0 Avezzano (L&rsquo;Aquila, Italie) le 21 juin 1976. En 2000, elle a obtenu une ma\u00eetrise en philologie classique \u00e0 l&rsquo;Universit\u00e9 Sapienza de Rome. De 2000 \u00e0 2002, elle a poursuivi des \u00e9tudes post-universitaires en Relations Internationales \u00e0 la Societ\u00e0 Italiana per [&hellip;]","protected":false},"author":1,"featured_media":0,"parent":168,"menu_order":0,"comment_status":"closed","ping_status":"closed","template":"","meta":{"footnotes":""},"class_list":["post-182","page","type-page","status-publish","hentry"],"_links":{"self":[{"href":"https:\/\/ambaccra.esteri.it\/fr\/wp-json\/wp\/v2\/pages\/182","targetHints":{"allow":["GET"]}}],"collection":[{"href":"https:\/\/ambaccra.esteri.it\/fr\/wp-json\/wp\/v2\/pages"}],"about":[{"href":"https:\/\/ambaccra.esteri.it\/fr\/wp-json\/wp\/v2\/types\/page"}],"author":[{"embeddable":true,"href":"https:\/\/ambaccra.esteri.it\/fr\/wp-json\/wp\/v2\/users\/1"}],"replies":[{"embeddable":true,"href":"https:\/\/ambaccra.esteri.it\/fr\/wp-json\/wp\/v2\/comments?post=182"}],"version-history":[{"count":6,"href":"https:\/\/ambaccra.esteri.it\/fr\/wp-json\/wp\/v2\/pages\/182\/revisions"}],"predecessor-version":[{"id":1962,"href":"https:\/\/ambaccra.esteri.it\/fr\/wp-json\/wp\/v2\/pages\/182\/revisions\/1962"}],"up":[{"embeddable":true,"href":"https:\/\/ambaccra.esteri.it\/fr\/wp-json\/wp\/v2\/pages\/168"}],"wp:attachment":[{"href":"https:\/\/ambaccra.esteri.it\/fr\/wp-json\/wp\/v2\/media?parent=182"}],"curies":[{"name":"wp","href":"https:\/\/api.w.org\/{rel}","templated":true}]}}