{"id":192,"date":"2023-04-11T18:08:31","date_gmt":"2023-04-11T18:08:31","guid":{"rendered":"https:\/\/ambaccra.esteri.it\/chi-siamo\/la-rete-consolare\/"},"modified":"2023-09-25T13:59:54","modified_gmt":"2023-09-25T13:59:54","slug":"la-rete-consolare","status":"publish","type":"page","link":"https:\/\/ambaccra.esteri.it\/fr\/chi-siamo\/la-rete-consolare\/","title":{"rendered":"Le r\u00e9seau consulaire"},"content":{"rendered":"<p class=\"boxLevel03\"><strong>Vice-consulat honoraire Kumasi (Ghana)<\/strong><\/p>\n<p>Stefano Ramella Pezza<br \/>\nT\u00e9l\u00e9phone 00233 3220 27175\/23186; portable: 00233 244 418949<\/p>\n<p>e-mail\u00a0<a href=\"mailto:kumasi.onorario@esteri.it\">kumasi.onorario@esteri.it<\/a><\/p>\n<p>&nbsp;<\/p>\n<p><strong>Consule g\u00e9n\u00e9rale honoraire \u00e0 Lom\u00e9 (Togo)<\/strong><br \/>\nAlessandra Boaretto<br \/>\nlom\u00e9.onorario@esteri.it<\/p>\n<p>Adresse: Ago\u00e9 Nyive &#8211; Assiy\u00e9y\u00e9, Rue Vakpossito &#8211; Carrefour de l\u2019Union, BP : S\/C 12360<\/p>\n<p>Secretariat:\u00a0<a href=\"mailto:secretariat.consulatitalie@gmail.com;\">secretariat.consulatitalie@gmail.com;<\/a>\u00a0+28 98 99 71 29 (Portable et Whatsapp)<\/p>\n<p>Heures d&rsquo;ouverture au public:<\/p>\n<p>Lun &#8211; Mar &#8211; Ven h8-11;<\/p>\n<p>Merc h8-12 \/ h15-17<\/p>\n<p>&nbsp;<\/p>\n<p><strong>Correspondante Consulaire Lom\u00e9 (Togo)<\/strong><br \/>\nGiuliana Piazza<br \/>\n<a href=\"mailto:ambasciata.accra@esteri.it\">ambasciata.accra@esteri.it<\/a><\/p>\n","protected":false},"excerpt":{"rendered":"Vice-consulat honoraire Kumasi (Ghana) Stefano Ramella Pezza T\u00e9l\u00e9phone 00233 3220 27175\/23186; portable: 00233 244 418949 e-mail\u00a0kumasi.onorario@esteri.it &nbsp; Consule g\u00e9n\u00e9rale honoraire \u00e0 Lom\u00e9 (Togo) Alessandra Boaretto lom\u00e9.onorario@esteri.it Adresse: Ago\u00e9 Nyive &#8211; Assiy\u00e9y\u00e9, Rue Vakpossito &#8211; Carrefour de l\u2019Union, BP : S\/C 12360 Secretariat:\u00a0secretariat.consulatitalie@gmail.com;\u00a0+28 98 99 71 29 (Portable et Whatsapp) Heures d&rsquo;ouverture au public: Lun &#8211; [&hellip;]","protected":false},"author":1,"featured_media":0,"parent":168,"menu_order":8,"comment_status":"closed","ping_status":"closed","template":"","meta":{"footnotes":""},"class_list":["post-192","page","type-page","status-publish","hentry"],"_links":{"self":[{"href":"https:\/\/ambaccra.esteri.it\/fr\/wp-json\/wp\/v2\/pages\/192","targetHints":{"allow":["GET"]}}],"collection":[{"href":"https:\/\/ambaccra.esteri.it\/fr\/wp-json\/wp\/v2\/pages"}],"about":[{"href":"https:\/\/ambaccra.esteri.it\/fr\/wp-json\/wp\/v2\/types\/page"}],"author":[{"embeddable":true,"href":"https:\/\/ambaccra.esteri.it\/fr\/wp-json\/wp\/v2\/users\/1"}],"replies":[{"embeddable":true,"href":"https:\/\/ambaccra.esteri.it\/fr\/wp-json\/wp\/v2\/comments?post=192"}],"version-history":[{"count":2,"href":"https:\/\/ambaccra.esteri.it\/fr\/wp-json\/wp\/v2\/pages\/192\/revisions"}],"predecessor-version":[{"id":448,"href":"https:\/\/ambaccra.esteri.it\/fr\/wp-json\/wp\/v2\/pages\/192\/revisions\/448"}],"up":[{"embeddable":true,"href":"https:\/\/ambaccra.esteri.it\/fr\/wp-json\/wp\/v2\/pages\/168"}],"wp:attachment":[{"href":"https:\/\/ambaccra.esteri.it\/fr\/wp-json\/wp\/v2\/media?parent=192"}],"curies":[{"name":"wp","href":"https:\/\/api.w.org\/{rel}","templated":true}]}}