{"id":374,"date":"2023-08-21T14:30:24","date_gmt":"2023-08-21T14:30:24","guid":{"rendered":"https:\/\/ambaccra.esteri.it\/?page_id=374"},"modified":"2025-03-12T19:17:42","modified_gmt":"2025-03-12T19:17:42","slug":"message","status":"publish","type":"page","link":"https:\/\/ambaccra.esteri.it\/fr\/chi-siamo\/lambasciatore\/message\/","title":{"rendered":"Message"},"content":{"rendered":"<p>Chers citoyens italiens, chers amis de l&rsquo;Italie,<\/p>\n<p>Bienvenue sur le site de l&rsquo;Ambassade d&rsquo;Italie \u00e0 Accra, o\u00f9 vous trouverez des informations sur la pr\u00e9sence institutionnelle italienne au Ghana et au Togo et sur nos services aux usagers.<\/p>\n<p>Je voudrais vous donner un bref aper\u00e7u des relations entre l\u2019Italie et les deux pays.<\/p>\n<p>Gr\u00e2ce \u00e9galement \u00e0 la pr\u00e9sence d&rsquo;une communaut\u00e9 italienne laborieuse, l&rsquo;Italie et le Ghana entretiennent des relations profond\u00e9ment enracin\u00e9es, qui se sont consid\u00e9rablement intensifi\u00e9es ces derni\u00e8res ann\u00e9es : le dialogue politique a culmin\u00e9 en avril 2024 avec la visite d&rsquo;\u00c9tat du Pr\u00e9sident de la R\u00e9publique, Sergio Mattarella ; les \u00e9changes commerciaux ont atteint des niveaux record ; le Ghana est devenu l&rsquo;un \u00a0des pays prioritaires pour notre coop\u00e9ration au d\u00e9veloppement, dans l&rsquo;optique d&rsquo;un partenariat pour la croissance &#8211; le m\u00eame qui anime le Plan Mattei pour l&rsquo;Afrique. La collaboration dans la lutte contre la piraterie et le terrorisme a \u00e9galement \u00e9t\u00e9 renforc\u00e9e, aux niveaux bilat\u00e9ral et multilat\u00e9ral et dans le cadre d&rsquo;initiatives europ\u00e9ennes visant \u00e0 stabiliser la r\u00e9gion.<\/p>\n<p>Le Togo est un partenaire cl\u00e9 pour l&rsquo;Italie, gr\u00e2ce \u00e0 d&rsquo;excellentes relations bilat\u00e9rales et au r\u00f4le fondamental du pays en mati\u00e8re de s\u00e9curit\u00e9 maritime et de lutte contre le terrorisme.<\/p>\n<p>Sur ces bases solides, sous ma direction l\u2019Ambassade d\u2019Italie, en collaboration avec le Syst\u00e8me Italie, continuera \u00e0 travailler pour un renforcement suppl\u00e9mentaire des relations avec le Ghana et le Togo.<\/p>\n<p>Nous continuerons \u00e9galement \u00e0 fournir une assistance aux compatriotes et aux entreprises qui ont l&rsquo;intention de chercher des opportunit\u00e9s dans cette r\u00e9gion: l&rsquo;Ambassade est \u00e0 votre disposition!<\/p>\n<p>&nbsp;<\/p>\n<p>Laura Ranalli<\/p>\n<p>Ambassadrice d\u2019Italie au Ghana<\/p>\n","protected":false},"excerpt":{"rendered":"Chers citoyens italiens, chers amis de l&rsquo;Italie, Bienvenue sur le site de l&rsquo;Ambassade d&rsquo;Italie \u00e0 Accra, o\u00f9 vous trouverez des informations sur la pr\u00e9sence institutionnelle italienne au Ghana et au Togo et sur nos services aux usagers. Je voudrais vous donner un bref aper\u00e7u des relations entre l\u2019Italie et les deux pays. Gr\u00e2ce \u00e9galement \u00e0 [&hellip;]","protected":false},"author":6,"featured_media":0,"parent":182,"menu_order":0,"comment_status":"closed","ping_status":"closed","template":"","meta":{"footnotes":""},"class_list":["post-374","page","type-page","status-publish","hentry"],"_links":{"self":[{"href":"https:\/\/ambaccra.esteri.it\/fr\/wp-json\/wp\/v2\/pages\/374","targetHints":{"allow":["GET"]}}],"collection":[{"href":"https:\/\/ambaccra.esteri.it\/fr\/wp-json\/wp\/v2\/pages"}],"about":[{"href":"https:\/\/ambaccra.esteri.it\/fr\/wp-json\/wp\/v2\/types\/page"}],"author":[{"embeddable":true,"href":"https:\/\/ambaccra.esteri.it\/fr\/wp-json\/wp\/v2\/users\/6"}],"replies":[{"embeddable":true,"href":"https:\/\/ambaccra.esteri.it\/fr\/wp-json\/wp\/v2\/comments?post=374"}],"version-history":[{"count":4,"href":"https:\/\/ambaccra.esteri.it\/fr\/wp-json\/wp\/v2\/pages\/374\/revisions"}],"predecessor-version":[{"id":1711,"href":"https:\/\/ambaccra.esteri.it\/fr\/wp-json\/wp\/v2\/pages\/374\/revisions\/1711"}],"up":[{"embeddable":true,"href":"https:\/\/ambaccra.esteri.it\/fr\/wp-json\/wp\/v2\/pages\/182"}],"wp:attachment":[{"href":"https:\/\/ambaccra.esteri.it\/fr\/wp-json\/wp\/v2\/media?parent=374"}],"curies":[{"name":"wp","href":"https:\/\/api.w.org\/{rel}","templated":true}]}}