{"id":42,"date":"2023-04-11T18:08:31","date_gmt":"2023-04-11T16:08:31","guid":{"rendered":"https:\/\/ambasciatapraga.esteri.it\/?page_id=42"},"modified":"2023-10-24T10:22:05","modified_gmt":"2023-10-24T10:22:05","slug":"la-rete-consolare","status":"publish","type":"page","link":"https:\/\/ambaccra.esteri.it\/it\/chi-siamo\/la-rete-consolare\/","title":{"rendered":"La Rete Consolare"},"content":{"rendered":"<p class=\"boxLevel03\"><strong>Vice Consolato\u00a0Onorario Kumasi<\/strong><\/p>\n<p class=\"boxLevel03\">Stefano Ramella Pezza<\/p>\n<p class=\"boxLevel03\"><a href=\"https:\/\/ambaccra.esteri.it\/wp-content\/uploads\/2023\/10\/decreto_limitazioni_funzioni_consolari.pdf\">Decreto_limitazioni_funzioni_consolari<\/a><\/p>\n<p class=\"boxLevel03\">Tel. 00233 3220 27175\/23186 cell. 00233 244 418949<br \/>\ne-mail\u00a0<a href=\"mailto:kumasi.onorario@esteri.it\">kumasi.onorario@esteri.it<\/a><\/p>\n<p align=\"left\"><strong>Console Generale Onoraria a Lom\u00e9\u00a0<\/strong><\/p>\n<p align=\"left\">Alessandra Boaretto<\/p>\n<p align=\"left\"><a href=\"mailto:lome.onorario@esteri.it\">lome.onorario@esteri.it<\/a><\/p>\n<p align=\"left\"><a href=\"https:\/\/ambaccra.esteri.it\/wp-content\/uploads\/2023\/10\/decreto_limitazione_funzioni_consolari_boaretto.pdf\">Decreto_limitazione_funzioni_consolari<\/a><\/p>\n<p align=\"left\">INDIRIZZO: Ago\u00e9 Nyive &#8211; Assiy\u00e9y\u00e9, Rue Vakpossito &#8211; Carrefour de l\u2019Union, BP : S\/C 12360<\/p>\n<p>SEGRETARIATO:\u00a0<a href=\"mailto:secretariat.consulatitalie@gmail.com;\">secretariat.consulatitalie@gmail.com;\u00a0<\/a>+228 98 99 71 29 (Telefono e Whatsapp)<\/p>\n<p>ORARI DI APERTURA AL PUBBLICO:<\/p>\n<p>Lun &#8211; Mart &#8211; Ven h8-11<\/p>\n<p>Merc h8-12 \/ h15-17<\/p>\n<p align=\"left\"><strong><br \/>\nCorrispondente Consolare Lom\u00e9<br \/>\n<\/strong>Giuliana Piazza<\/p>\n<p align=\"left\">Email:\u00a0<a href=\"mailto:ambasciata.accra@esteri.it\">ambasciata.accra@esteri.it<\/a><\/p>\n","protected":false},"excerpt":{"rendered":"Vice Consolato\u00a0Onorario Kumasi Stefano Ramella Pezza Decreto_limitazioni_funzioni_consolari Tel. 00233 3220 27175\/23186 cell. 00233 244 418949 e-mail\u00a0kumasi.onorario@esteri.it Console Generale Onoraria a Lom\u00e9\u00a0 Alessandra Boaretto lome.onorario@esteri.it Decreto_limitazione_funzioni_consolari INDIRIZZO: Ago\u00e9 Nyive &#8211; Assiy\u00e9y\u00e9, Rue Vakpossito &#8211; Carrefour de l\u2019Union, BP : S\/C 12360 SEGRETARIATO:\u00a0secretariat.consulatitalie@gmail.com;\u00a0+228 98 99 71 29 (Telefono e Whatsapp) ORARI DI APERTURA AL PUBBLICO: Lun &#8211; [&hellip;]","protected":false},"author":1,"featured_media":0,"parent":13,"menu_order":8,"comment_status":"closed","ping_status":"closed","template":"","meta":{"footnotes":""},"class_list":["post-42","page","type-page","status-publish","hentry"],"_links":{"self":[{"href":"https:\/\/ambaccra.esteri.it\/it\/wp-json\/wp\/v2\/pages\/42","targetHints":{"allow":["GET"]}}],"collection":[{"href":"https:\/\/ambaccra.esteri.it\/it\/wp-json\/wp\/v2\/pages"}],"about":[{"href":"https:\/\/ambaccra.esteri.it\/it\/wp-json\/wp\/v2\/types\/page"}],"author":[{"embeddable":true,"href":"https:\/\/ambaccra.esteri.it\/it\/wp-json\/wp\/v2\/users\/1"}],"replies":[{"embeddable":true,"href":"https:\/\/ambaccra.esteri.it\/it\/wp-json\/wp\/v2\/comments?post=42"}],"version-history":[{"count":6,"href":"https:\/\/ambaccra.esteri.it\/it\/wp-json\/wp\/v2\/pages\/42\/revisions"}],"predecessor-version":[{"id":509,"href":"https:\/\/ambaccra.esteri.it\/it\/wp-json\/wp\/v2\/pages\/42\/revisions\/509"}],"up":[{"embeddable":true,"href":"https:\/\/ambaccra.esteri.it\/it\/wp-json\/wp\/v2\/pages\/13"}],"wp:attachment":[{"href":"https:\/\/ambaccra.esteri.it\/it\/wp-json\/wp\/v2\/media?parent=42"}],"curies":[{"name":"wp","href":"https:\/\/api.w.org\/{rel}","templated":true}]}}