{"id":49,"date":"2023-04-11T18:13:11","date_gmt":"2023-04-11T16:13:11","guid":{"rendered":"https:\/\/ambasciatapraga.esteri.it\/?page_id=49"},"modified":"2026-02-20T13:56:46","modified_gmt":"2026-02-20T13:56:46","slug":"passaporti-e-carte-didentita","status":"publish","type":"page","link":"https:\/\/ambaccra.esteri.it\/it\/servizi-consolari-e-visti\/servizi-per-il-cittadino-italiano\/passaporti-e-carte-didentita\/","title":{"rendered":"Passaporti e carte di identit\u00e0"},"content":{"rendered":"<p><strong>PASSAPORTI<\/strong><\/p>\n<p>Il passaporto \u00e8 un documento di viaggio e riconoscimento. Il suo rilascio \u00e8 di competenza dell\u2019Ufficio Passaporti della Circoscrizione Consolare in cui il cittadino italiano \u00e8 residente.<\/p>\n<p>Un cittadino italiano pu\u00f2 chiedere il rilascio o rinnovo di un passaporto solo se\u00a0residente all\u2019estero e iscritto all\u2019A.I.R.E. di un Comune italiano. In caso contrario, o se si richiede il passaporto in una circoscrizione consolare all\u2019estero differente da quella dove si \u00e8 iscritti nell\u2019AIRE del proprio Comune italiano, sar\u00e0 necessario\u00a0ottenere il \u201cNULLA OSTA\u201d dell\u2019Ufficio (Questura o Consolato Italiano) competente per il territorio di residenza.<\/p>\n<p>Il passaporto ordinario pu\u00f2 essere rinnovato anche prima della scadenza ed entro e non oltre 6 mesi dalla stessa data di scadenza.<\/p>\n<p>L&#8217;appuntamento per il rilascio del passaporto deve essere prenotato utilizzando la piattaforma <a href=\"https:\/\/prenotami.esteri.it\/\">Prenot@mi<\/a>.<\/p>\n<p><strong>Documentazione richiesta (maggiorenni)<\/strong>:<\/p>\n<ul>\n<li>formulario di richiesta: <a href=\"https:\/\/ambaccra.esteri.it\/wp-content\/uploads\/2023\/09\/DomandaRilascioMaggiorenneConFigli_NoData.pdf\">DomandaRilascioMaggiorenne<\/a>;<\/li>\n<li>passaporto precedente o, se si tratta di primo passaporto, un documento d&#8217;identit\u00e0;<\/li>\n<li>se il passaporto \u00e8 stato smarrito o rubato, denuncia sporta presso le Autorit\u00e0 di polizia locale nel luogo presunto di furto\/smarrimento del documento, debitamente tradotta in italiano;<\/li>\n<li>2 foto tessere (recenti, identiche, formato passaporto, sfondo bianco, viso frontale e centrato, espressione neutra, preferibilmente senza occhiali).<a href=\"https:\/\/ambaccra.esteri.it\/wp-content\/uploads\/2023\/09\/ALL-03-Passaporto-requisiti-fotografia-e-specifiche-ICAO.pdf\">Passaporto requisiti fotografia e specifiche ICAO<\/a><\/li>\n<\/ul>\n<p>Si informano i connazionali genitori di figli minori che dal 14 giugno 2023 non e&#8217; pi\u00f9 necessario presentare l\u2019atto di assenso dell\u2019altro genitore ai fini del rilascio del proprio passaporto, ai sensi del D.L. 69\/2023. Nello specifico il novellato articolo 3-bis della L. 1185\/1967 indica che, quando vi \u00e8 concreto e attuale pericolo che a causa del trasferimento all&#8217;estero questo possa sottrarsi all&#8217;adempimento dei suoi obblighi verso i figli, sar\u00e0 possibile per l\u2019altro genitore richiedere una inibitoria al rilascio del documento. L\u2019istanza potr\u00e0 essere presentata presso il giudice competente presso il Tribunale ordinario in cui il minore ha la residenza abituale ovvero, se il minore \u00e8 residente all\u2019estero, il Tribunale nel cui circondario si trova il suo Comune di iscrizione AIRE.<\/p>\n<p>Ai fini del rilascio dei documenti per i minori, invece, resta l\u2019obbligo dell\u2019assenso firmato da entrambi i genitori o da chi esercita la responsabilit\u00e0 genitoriale.<\/p>\n<p><strong>Documentazione richiesta (minori):<\/strong><\/p>\n<ul>\n<li>formulario di richiesta compilato da un genitore o esercente la responsabilit\u00e0 genitoriale: <a href=\"https:\/\/ambaccra.esteri.it\/wp-content\/uploads\/2023\/09\/ALL-02-Modulo-di-domanda-di-passaporto-a-favore-di-minorenne.doc\">ALL 02 &#8211; Modulo di domanda di passaporto a favore di minorenne<\/a><\/li>\n<li>passaporto precedente o, se si tratta di primo passaporto, un documento d&#8217;identit\u00e0;<\/li>\n<li>se il passaporto \u00e8 stato smarrito o rubato, denuncia sporta presso le Autorit\u00e0 di polizia locale nel luogo presunto di furto\/smarrimento del documento, debitamente tradotta in italiano<\/li>\n<li>2 foto tessere (recenti, identiche, formato passaporto, sfondo bianco, viso frontale e centrato, espressione neutra, preferibilmente senza occhiali).<a href=\"https:\/\/ambaccra.esteri.it\/wp-content\/uploads\/2023\/09\/ALL-03-Passaporto-requisiti-fotografia-e-specifiche-ICAO.pdf\">Passaporto requisiti fotografia e specifiche ICAO<\/a><\/li>\n<li>l&#8217;<strong><a href=\"https:\/\/ambaccra.esteri.it\/wp-content\/uploads\/2026\/02\/ATTO-DI-ASSENSO_CIE_PASSAPORTO.pdf\">assenso scritto<\/a> dell&#8217;altro genitore,<\/strong>\u00a0unitamente a un suo documento con firma e foto (anche in fotocopia). L&#8217;assenso \u00e8 necessario anche se i genitori non sono sposati o se sono separati o divorziati. Se uno dei genitori non ha la cittadinanza di uno dei paesi membri dell\u2019Unione Europea, il modulo di richiesta va firmato alla presenza del funzionario del Consolato italiano competente per residenza, previa esibizione di un documento d&#8217;identit\u00e0.<\/li>\n<\/ul>\n<p><strong>Si ricorda che la legge non consente deroghe all&#8217;atto di assenso<\/strong>. Nel caso in cui non sia possibile ottenere l&#8217;assenso da parte dell&#8217;altro genitore sar\u00e0 necessario richiedere al Capo della Cancelleria Consolare l\u2019emissione di un decreto consolare nelle vesti di Giudice tutelare, previa istanza formale di una delle due parti. Se il minore \u00e8 residente in Italia, \u00e8 competente il Tribunale dei Minori.<\/p>\n<p><strong>Si ricorda che in caso di furto o smarrimento del passaporto all\u2019estero<\/strong>, <strong>si impone la denuncia alle Autorit\u00e0 locali<\/strong>, al fine di prevenire utilizzi indebiti del documento e garantirne l\u2019immediata segnalazione nei sistemi locali.<\/p>\n<p><strong>CARTA D\u2019IDENTITA\u2019 ELETTRONICA (CIE)<\/strong><\/p>\n<p><strong>La CIE pu\u00f2 essere rilasciata esclusivamente ai cittadini italiani <\/strong>regolarmente residenti nella propria circoscrizione consolare, che siano gi\u00e0 registrati nello schedario consolare e <strong>i cui dati anagrafici siano gi\u00e0 presenti nella banca dati A.I.R.E. <\/strong>(Anagrafe degli Italiani Residenti all\u2019Estero) del Ministero dell\u2019Interno (ANPR). La richiesta della carta d\u2019identit\u00e0 elettronica deve essere presentata utilizzando la piattaforma <a href=\"https:\/\/prenotami.esteri.it\/\">Prenot@mi<\/a>.<\/p>\n<p>\u00c8 altres\u00ec indispensabile, per i cittadini italiani nati all\u2019estero, che <strong>il relativo atto di nascita risulti gi\u00e0 trascritto nei registri di Stato Civile<\/strong> del Comune di riferimento, in quanto gli estremi della trascrizione devono essere riportati sulla CIE.<\/p>\n<p>Ai fini dell\u2019emissione della CIE \u00e8 inoltre necessario possedere il\u00a0<strong>codice fiscale validato.\u00a0<\/strong>In mancanza, il codice fiscale stesso sar\u00e0 attribuito o validato dall\u2019Agenzia delle Entrate per il tramite dell\u2019Ufficio consolare preliminarmente al rilascio della CIE.<\/p>\n<p>Si segnala la possibilit\u00e0 per il cittadino iscritto all\u2019Anagrafe degli Italiani Residenti all\u2019Estero (AIRE) \u2013 <strong>a decorrere dal 1\u00b0 giugno 2026<\/strong> \u2013 di presentare domanda per il rilascio della carta d&#8217;identit\u00e0 elettronica <strong>presso qualsiasi Comune italiano<\/strong>. La carta d\u2019identit\u00e0 sar\u00e0 consegnata con le medesime modalit\u00e0 previste in caso di domanda presentata tramite l\u2019Ufficio consolare, con facolt\u00e0 per l\u2019interessato di<br \/>\nritirarla personalmente presso il Comune ovvero di richiederne la spedizione all\u2019estero.<\/p>\n<p>&nbsp;<\/p>\n<p>&nbsp;<\/p>\n<p><strong>Documentazione da presentare:<\/strong><\/p>\n<ul>\n<li>1 fototessera conforme alla normativa ICAO;<\/li>\n<li>documento di riconoscimento\u00a0ai sensi del D.P.R. 445\/2000. Se non ne \u00e8 in possesso, il richiedente dovr\u00e0 presentarsi accompagnato da due testimoni;<\/li>\n<li><a href=\"https:\/\/ambaccra.esteri.it\/wp-content\/uploads\/2026\/02\/ATTO-DI-ASSENSO_CIE_PASSAPORTO.pdf\">atto di assenso<\/a> di entrambi genitori nel caso in cui il richiedente sia un minore di 18 anni<\/li>\n<\/ul>\n<p>Al momento dell\u2019appuntamento l\u2019operatore consolare acquisir\u00e0\u00a0<strong>la foto e, salvo che per i minori di 12 anni, le impronte digitali<\/strong>,\u00a0<strong>e la firma<\/strong>, che saranno registrate in sicurezza all\u2019interno del microchip presente nella propria CIE e non depositate in nessun altro luogo.<\/p>\n<p><strong>Consegna della carta d\u2019identit\u00e0<\/strong><\/p>\n<p>La CIE viene stampata e poi recapitata a mezzo posta presso l\u2019indirizzo di residenza (o recapito) dichiarato dal richiedente, a cura dell\u2019Istituto Poligrafico e Zecca dello Stato, a partire dai 15 giorni dall\u2019invio in produzione con tempi di consegna che possono variare a seconda dei Paesi di destinazione.<\/p>\n<p>In caso di mancata consegna per indirizzo errato, \u00e8 prevista la giacenza presso il locale ufficio postale, al termine della quale il plico viene restituito all\u2019Ufficio consolare di riferimento per un ulteriore tentativo di consegna.<\/p>\n<p>&nbsp;<\/p>\n<p>&nbsp;<\/p>\n<p>&nbsp;<\/p>\n<p>&nbsp;<\/p>\n<p>&nbsp;<\/p>\n","protected":false},"excerpt":{"rendered":"PASSAPORTI Il passaporto \u00e8 un documento di viaggio e riconoscimento. Il suo rilascio \u00e8 di competenza dell\u2019Ufficio Passaporti della Circoscrizione Consolare in cui il cittadino italiano \u00e8 residente. Un cittadino italiano pu\u00f2 chiedere il rilascio o rinnovo di un passaporto solo se\u00a0residente all\u2019estero e iscritto all\u2019A.I.R.E. di un Comune italiano. In caso contrario, o se [&hellip;]","protected":false},"author":1,"featured_media":0,"parent":47,"menu_order":0,"comment_status":"closed","ping_status":"closed","template":"","meta":{"footnotes":""},"class_list":["post-49","page","type-page","status-publish","hentry"],"_links":{"self":[{"href":"https:\/\/ambaccra.esteri.it\/it\/wp-json\/wp\/v2\/pages\/49","targetHints":{"allow":["GET"]}}],"collection":[{"href":"https:\/\/ambaccra.esteri.it\/it\/wp-json\/wp\/v2\/pages"}],"about":[{"href":"https:\/\/ambaccra.esteri.it\/it\/wp-json\/wp\/v2\/types\/page"}],"author":[{"embeddable":true,"href":"https:\/\/ambaccra.esteri.it\/it\/wp-json\/wp\/v2\/users\/1"}],"replies":[{"embeddable":true,"href":"https:\/\/ambaccra.esteri.it\/it\/wp-json\/wp\/v2\/comments?post=49"}],"version-history":[{"count":8,"href":"https:\/\/ambaccra.esteri.it\/it\/wp-json\/wp\/v2\/pages\/49\/revisions"}],"predecessor-version":[{"id":2143,"href":"https:\/\/ambaccra.esteri.it\/it\/wp-json\/wp\/v2\/pages\/49\/revisions\/2143"}],"up":[{"embeddable":true,"href":"https:\/\/ambaccra.esteri.it\/it\/wp-json\/wp\/v2\/pages\/47"}],"wp:attachment":[{"href":"https:\/\/ambaccra.esteri.it\/it\/wp-json\/wp\/v2\/media?parent=49"}],"curies":[{"name":"wp","href":"https:\/\/api.w.org\/{rel}","templated":true}]}}