{"id":71,"date":"2023-04-11T18:19:16","date_gmt":"2023-04-11T16:19:16","guid":{"rendered":"https:\/\/ambasciatapraga.esteri.it\/?page_id=71"},"modified":"2026-02-09T14:38:44","modified_gmt":"2026-02-09T14:38:44","slug":"servizi-notarili","status":"publish","type":"page","link":"https:\/\/ambaccra.esteri.it\/it\/servizi-consolari-e-visti\/servizi-per-il-cittadino-italiano\/servizi-notarili\/","title":{"rendered":"Servizi notarili"},"content":{"rendered":"<p>L\u2019Ufficio Notarile del Consolato \u00e8 deputato a ricevere gli atti tra vivi e quelli di ultima volont\u00e0, a curare il loro deposito ed a rilasciarne copie ed estratti.<br \/>\nIl servizio notarile \u00e8 dovuto ai cittadini italiani che si trovino all\u2019estero in via permanente o temporanea.<\/p>\n<p>I servizi notarili pi\u00f9 frequentemente richiesti ad un Ufficio consolare sono:<\/p>\n<ol>\n<li>Procura<\/li>\n<li>Testamento Pubblico<\/li>\n<li>Atti Pubblici<\/li>\n<li>Attivit\u00e0 di Autenticazione<\/li>\n<\/ol>\n<p>&nbsp;<\/p>\n<ol>\n<li><strong>PROCURA<\/strong><\/li>\n<\/ol>\n<p>La procura \u00e8 un atto con il quale si d\u00e0 la facolt\u00e0 ad un\u2019altra persona di agire in propria vece e rappresentanza ed a compiere gli atti necessari per raggiungere un determinato scopo (es. vendere, acquistare, amministrare, fare donazione, accettare donazione, costituire o sciogliere societ\u00e0, richiedere pubblicazioni di matrimonio, ecc.).<\/p>\n<p>Le procure si dividono in due categorie:<\/p>\n<ul>\n<li style=\"list-style-type: none;\">\n<ul>\n<li><strong>procure generali<\/strong>: con questi atti l\u2019interessato affida al rappresentante la gestione di tutti i suoi affari, sia presenti sia futuri. La procura generale \u00e8 rilasciata a tempo indeterminato.<\/li>\n<li><strong>procure speciali<\/strong>: con questi atti l\u2019interessato affida al rappresentante la gestione di una parte dei suoi affari. La procura speciale cessa di avere efficacia nel momento in cui l\u2019incarico particolare per il quale \u00e8 stata rilasciata si conclude.<\/li>\n<li><strong>ATTENZIONE.<\/strong> Qualora il mandante sia <strong>cittadino straniero<\/strong> l\u2019Ufficio consolare <strong><u>non pu\u00f2<\/u> ricevere<\/strong> la procura, che dovr\u00e0 essere predisposta da un notaio locale, legalizzata presso il Judicial Service del Ghana o il Ministero degli Affari Esteri del Togo, tradotta in lingua italiana e, successivamente, presentata all\u2019Ambasciata per la legalizzazione e la certificazione di conformit\u00e0 della traduzione<\/li>\n<\/ul>\n<\/li>\n<\/ul>\n<ol start=\"2\">\n<li><strong> TESTAMENTO PUBBLICO<\/strong><\/li>\n<\/ol>\n<p>Tra le attivit\u00e0 proprie dell\u2019Ufficio notarile presso un Consolato rientra la redazione di alcuni atti concernenti le dichiarazioni di ultima volont\u00e0 di soggetti che si trovano all\u2019estero.<br \/>\nIl testamento pubblico \u00e8 la dichiarazione di volont\u00e0 del testatore resa ad un funzionario delegato alle funzioni notarili in presenza di due testimoni e redatta in forma scritta.<br \/>\nNel testamento segreto, invece, le funzioni dell\u2019Ufficio notarile si limitano al ricevimento formale dell\u2019atto (il cui contenuto rimane segreto) ed al suo deposito nell\u2019Ufficio.<br \/>\nIl testamento olografo, infine, non necessita della stesura da parte di un funzionario dell\u2019Ufficio notarile e pu\u00f2 essere depositato in ogni luogo e presso chiunque. Solitamente esso viene depositato presso l\u2019Ufficio notarile al fine di evitare la possibilit\u00e0 di un suo smarrimento e per assicurarne l\u2019immediata pubblicazione alla morte del testatore.<\/p>\n<ol start=\"3\">\n<li><strong> ATTI PUBBLICI<\/strong><\/li>\n<\/ol>\n<p>Si tratta di una tipologia di atti giuridici (come ad esempio l\u2019atto di donazione) per i quali la legge prevede la forma dell\u2019atto pubblico.<\/p>\n<ol start=\"4\">\n<li><strong> ATTIVIT\u00c0 DI AUTENTICAZIONE<\/strong><\/li>\n<\/ol>\n<p>L\u2019attivit\u00e0 di autenticazione \u00e8 normalmente svolta da un pubblico funzionario del Consolato ma pu\u00f2 anche essere svolta da un funzionario delegato alle funzioni notarili. Trattasi in particolare di:<\/p>\n<ol>\n<li><strong>AUTENTICA DI FIRMA<\/strong>: consiste nell\u2019attestazione da parte del pubblico funzionario della provenienza di un atto da parte del soggetto che lo ha firmato.<br \/>\nPer procedere all\u2019autenticazione della firma, \u00e8 necessario presentarsi personalmente presso l\u2019Ufficio Notarile con un documento di riconoscimento ed il proprio codice fiscale;<\/li>\n<li><strong>AUTENTICA DI FOTOGRAFIA<\/strong>: a tal fine \u00e8 necessario presentarsi personalmente presso l\u2019Ufficio Notarile con un documento di riconoscimento e tre fotografie uguali.<\/li>\n<\/ol>\n<p><strong>\u00a0<\/strong><\/p>\n<p><strong>L\u2019AUTOCERTIFICAZIONE<\/strong><\/p>\n<p>Per \u201cautocertificazione\u201d si intende \u201cla certificazione prodotta dall\u2019interessato in sostituzione della normale certificazione\u201d (art.2, legge 15\/1968). Essa rappresenta cio\u00e8 la possibilit\u00e0 per il cittadino di fornire le stesse notizie presenti in un registro pubblico in modo pi\u00f9 semplice e con meno oneri.<\/p>\n<p>La possibilit\u00e0 di avvalersi dell\u2019<a href=\"https:\/\/ambaccra.esteri.it\/wp-content\/uploads\/2026\/02\/art.46-Dichirazione-sostitutiva-di-certificazione.pdf\"><strong>autocertificazione<\/strong><\/a> \u00e8 concessa a tutti i cittadini italiani e dei Paesi europei.<br \/>\nLa facolt\u00e0 di avvalersi di <a href=\"https:\/\/ambaccra.esteri.it\/wp-content\/uploads\/2026\/02\/art.47-Dichiarazione-sostitutiva-atto-notorieta.doc-11dichiarazionesostitutivaattonotorieta-1.pdf\"><strong>dichiarazioni sostitutive<\/strong><\/a> \u00e8 stata estesa anche ai cittadini extracomunitari regolarmente soggiornanti in Italia limitatamente ai dati verificabili o certificabili in Italia da soggetti pubblici.<\/p>\n<p>L\u2019autocertificazione e le dichiarazioni sostitutive possono essere utilizzate nei rapporti con la Pubblica Amministrazione e con i concessionari e i gestori di pubblici servizi.<br \/>\nNon possono invece essere utilizzate nei rapporti tra i privati, salvo che gli stessi non vi acconsentano, e davanti all\u2019autorit\u00e0 giudiziaria nello svolgimento di funzioni giurisdizionali.<\/p>\n<p>&nbsp;<\/p>\n<p><strong>Sanzioni per i cittadini che forniscono dichiarazioni non veritiere<\/strong><\/p>\n<p>Se le amministrazioni hanno dubbi sulla veridicit\u00e0 delle autocertificazioni, sono tenute a effettuare i controlli necessari.<br \/>\nNel caso vengano riscontrate dichiarazioni mendaci, la falsit\u00e0 negli atti e l\u2019uso di atti falsi sono puniti ai sensi del codice penale e delle leggi in materia.<br \/>\nIl dichiarante inoltre decade dai benefici eventualmente conseguiti grazie a provvedimenti basati su dichiarazioni non veritiere.<\/p>\n<p><strong>Nella sezione MODULISTICA del sito trovate eventuali moduli scaricabili o documenti informativi.<\/strong><\/p>\n<p><strong>Si raccomanda inoltre di visitare il sito del <a href=\"https:\/\/www.esteri.it\/it\/servizi-consolari-e-visti\/italiani-all-estero\/attinotarili\/\">Ministero Affari Esteri\u00a0<\/a> per maggior informazioni<\/strong><\/p>\n<p>&nbsp;<\/p>\n","protected":false},"excerpt":{"rendered":"L\u2019Ufficio Notarile del Consolato \u00e8 deputato a ricevere gli atti tra vivi e quelli di ultima volont\u00e0, a curare il loro deposito ed a rilasciarne copie ed estratti. Il servizio notarile \u00e8 dovuto ai cittadini italiani che si trovino all\u2019estero in via permanente o temporanea. I servizi notarili pi\u00f9 frequentemente richiesti ad un Ufficio consolare [&hellip;]","protected":false},"author":1,"featured_media":0,"parent":47,"menu_order":10,"comment_status":"closed","ping_status":"closed","template":"","meta":{"footnotes":""},"class_list":["post-71","page","type-page","status-publish","hentry"],"_links":{"self":[{"href":"https:\/\/ambaccra.esteri.it\/it\/wp-json\/wp\/v2\/pages\/71","targetHints":{"allow":["GET"]}}],"collection":[{"href":"https:\/\/ambaccra.esteri.it\/it\/wp-json\/wp\/v2\/pages"}],"about":[{"href":"https:\/\/ambaccra.esteri.it\/it\/wp-json\/wp\/v2\/types\/page"}],"author":[{"embeddable":true,"href":"https:\/\/ambaccra.esteri.it\/it\/wp-json\/wp\/v2\/users\/1"}],"replies":[{"embeddable":true,"href":"https:\/\/ambaccra.esteri.it\/it\/wp-json\/wp\/v2\/comments?post=71"}],"version-history":[{"count":5,"href":"https:\/\/ambaccra.esteri.it\/it\/wp-json\/wp\/v2\/pages\/71\/revisions"}],"predecessor-version":[{"id":2081,"href":"https:\/\/ambaccra.esteri.it\/it\/wp-json\/wp\/v2\/pages\/71\/revisions\/2081"}],"up":[{"embeddable":true,"href":"https:\/\/ambaccra.esteri.it\/it\/wp-json\/wp\/v2\/pages\/47"}],"wp:attachment":[{"href":"https:\/\/ambaccra.esteri.it\/it\/wp-json\/wp\/v2\/media?parent=71"}],"curies":[{"name":"wp","href":"https:\/\/api.w.org\/{rel}","templated":true}]}}